{"id":8,"date":"2016-07-18T10:04:17","date_gmt":"2016-07-18T08:04:17","guid":{"rendered":"http:\/\/lebens.fit\/?page_id=8"},"modified":"2020-05-25T22:12:12","modified_gmt":"2020-05-25T20:12:12","slug":"alltag","status":"publish","type":"page","link":"https:\/\/lebens.fit\/index.php\/alltag\/","title":{"rendered":"Alltag"},"content":{"rendered":"<p>Schule und Elternhaus k\u00f6nnen nicht immer die F\u00e4higkeiten f\u00f6rdern, die Kinder und Jugendliche f\u00fcr ihren praktischen Alltag brauchen. Alltagskompetenzen zu entwickeln, um allt\u00e4gliche Situationen meistern zu k\u00f6nnen, ist oft ein Wunsch der Jugendlichen.<\/p>\n<table>\n<tbody>\n<tr>\n<td><b>Ziel<\/b><\/td>\n<td>\n<div>Die Vermittlung von Wissen und K\u00f6nnen,\u00a0welche bisher wenig gef\u00f6rdert wurden. Im Umgang mit t\u00e4glichen Herausforderungen soll mehr Sicherheit und Souver\u00e4nit\u00e4t erlangt werden. Zudem sollen Naturerfahrungen gemacht werden, bei denen alle Sinne angeregt werden.<\/div>\n<\/td>\n<\/tr>\n<tr>\n<td><b>Zielgruppe<\/b><\/td>\n<td>Kinder, Jugendliche, Auszubildende und Studienanf\u00e4nger<\/td>\n<\/tr>\n<tr>\n<td><b>Angebot<\/b><\/td>\n<td>\n<div>Mit ausgew\u00e4hlten Methoden ermutigen wir die Jugendlichen und jungen Erwachsenen ihre Alltagskompetenzen zu erweitern. Zeitgem\u00e4\u00dfer Umgang mit herausfordernden Situationen und \u00c4ngsten aus ihrem Leben, sowie die Bew\u00e4ltigung von Stresssituationen, stehen dabei im Fokus. Sie lernen sinnvolle und praktische L\u00f6sungen zu entwickeln und f\u00fcr sich anzuwenden.<\/div>\n<div>Die Natur als Erlebnisort erleichtert den Zugang zu Bewegung und Entspannung.<\/div>\n<\/td>\n<\/tr>\n<tr>\n<td><b>Projektformen<\/b><\/td>\n<td>Seminare \/ Theater-Workshops \/ Trainings \/ Exkursionen<\/td>\n<\/tr>\n<\/tbody>\n<\/table>\n<p>Gerne erstellen wir Ihnen ein individuelles Angebot.<\/p>\n<div class='gallery'><dl class='gallery-item'>\n\t\t\t<dt class='gallery-icon landscape'>\n\t\t\t\t<img loading=\"lazy\" decoding=\"async\" width=\"500\" height=\"500\" src=\"https:\/\/lebens.fit\/wp-content\/uploads\/2020\/05\/20160419_161704-e1590436915826.jpg\" class=\"attachment-full size-full\" alt=\"\" \/>\n\t\t\t<\/dt><\/dl><dl class='gallery-item'>\n\t\t\t<dt class='gallery-icon landscape'>\n\t\t\t\t<img loading=\"lazy\" decoding=\"async\" width=\"500\" height=\"500\" src=\"https:\/\/lebens.fit\/wp-content\/uploads\/2020\/05\/20150427_145546-e1590436948979.jpg\" class=\"attachment-full size-full\" alt=\"\" \/>\n\t\t\t<\/dt><\/dl><dl class='gallery-item'>\n\t\t\t<dt class='gallery-icon landscape'>\n\t\t\t\t<img loading=\"lazy\" decoding=\"async\" width=\"500\" height=\"500\" src=\"https:\/\/lebens.fit\/wp-content\/uploads\/2020\/05\/IMG-20190418-WA0025-e1590436847172.jpg\" class=\"attachment-full size-full\" alt=\"\" \/>\n\t\t\t<\/dt><\/dl><br style=\"clear: both\" \/>\n\t\t<\/div>\n\n","protected":false},"excerpt":{"rendered":"<p>Schule und Elternhaus k\u00f6nnen nicht immer die F\u00e4higkeiten f\u00f6rdern, die Kinder und Jugendliche f\u00fcr ihren praktischen Alltag brauchen. Alltagskompetenzen zu entwickeln, um allt\u00e4gliche Situationen meistern zu k\u00f6nnen, ist oft ein Wunsch der Jugendlichen. Ziel Die Vermittlung von Wissen und K\u00f6nnen,\u00a0welche bisher wenig gef\u00f6rdert wurden. Im Umgang &hellip; <\/p>\n<p><a href=\"https:\/\/lebens.fit\/index.php\/alltag\/\" class=\"more-link\"><span class=\"morelink-icon\">Weiterlesen<\/span><\/a><\/p>\n","protected":false},"author":1,"featured_media":0,"parent":0,"menu_order":0,"comment_status":"closed","ping_status":"closed","template":"page-templates\/full-width.php","meta":{"footnotes":""},"_links":{"self":[{"href":"https:\/\/lebens.fit\/index.php\/wp-json\/wp\/v2\/pages\/8"}],"collection":[{"href":"https:\/\/lebens.fit\/index.php\/wp-json\/wp\/v2\/pages"}],"about":[{"href":"https:\/\/lebens.fit\/index.php\/wp-json\/wp\/v2\/types\/page"}],"author":[{"embeddable":true,"href":"https:\/\/lebens.fit\/index.php\/wp-json\/wp\/v2\/users\/1"}],"replies":[{"embeddable":true,"href":"https:\/\/lebens.fit\/index.php\/wp-json\/wp\/v2\/comments?post=8"}],"version-history":[{"count":24,"href":"https:\/\/lebens.fit\/index.php\/wp-json\/wp\/v2\/pages\/8\/revisions"}],"predecessor-version":[{"id":482,"href":"https:\/\/lebens.fit\/index.php\/wp-json\/wp\/v2\/pages\/8\/revisions\/482"}],"wp:attachment":[{"href":"https:\/\/lebens.fit\/index.php\/wp-json\/wp\/v2\/media?parent=8"}],"curies":[{"name":"wp","href":"https:\/\/api.w.org\/{rel}","templated":true}]}}