{"id":5,"date":"2016-07-18T10:03:29","date_gmt":"2016-07-18T08:03:29","guid":{"rendered":"http:\/\/lebens.fit\/?page_id=5"},"modified":"2020-08-07T10:36:00","modified_gmt":"2020-08-07T08:36:00","slug":"kompetenznachweis-knk","status":"publish","type":"page","link":"https:\/\/lebens.fit\/index.php\/kompetenznachweis-knk\/","title":{"rendered":"Kompetenznachweis Kultur"},"content":{"rendered":"<h3>\u2013 gef\u00f6rdert vom Bundesministerium f\u00fcr Familie, Senioren, Frauen und Jugend \u2013 <img loading=\"lazy\" decoding=\"async\" class=\"alignnone size-full wp-image-227\" style=\"position: relative; right: 230px; top: -90px; float:right;\" src=\"https:\/\/lebens.fit\/wp-content\/uploads\/2016\/07\/logo_bkj_2014_bildmarke.png\" alt=\"logo_bkj_2014_bildmarke\" width=\"100\" height=\"100\" \/><\/h3>\n<p>Unsere Kinder und Jugendlichen leben heute in einer Gesellschaft, die hohe Anforderungen an sie stellt. Sie m\u00fcssen in der Lage sein, in der Familie, in der Freizeit und\u00a0in der Schule allt\u00e4gliche Situationen zu meistern und zu hinterfragen. Auch die Planung einer beruflichen Perspektive setzt Gewissheit \u00fcber die eigenen St\u00e4rken, Mut, Dinge kritisch zu hinterfragen und Bereitschaft f\u00fcr sich und andere\u00a0Verantwortung zu \u00fcbernehmen, voraus.\u00a0Die lebens.fit-Projekte widmen sich dieser Thematik und f\u00f6rdern mit kulturp\u00e4dagogischen Projekten eine Vielzahl von Kompetenzen\u00a0wie Kreativit\u00e4t, Durchhalteverm\u00f6gen, Flexibilit\u00e4t, Teamgeist u.v.m.. Die Integration von Menschen aus anderen Kulturkreisen hat bei uns einen besonderen Stellenwert.<\/p>\n<p>Mit dem KNK als Bildungspass bekommen Jugendliche und junge Erwachsene zwischen 12 bis 27 Jahren eine Chance, ihre F\u00e4higkeiten gemeinsam mit Fachkr\u00e4ften zu zertifizieren. Im Dialog entsteht ein St\u00e4rkenprofil und somit eine schriftliche Anerkennung der erworbenen und weiterentwickelten F\u00e4higkeiten. Dies kann so eine sinnvolle Erg\u00e4nzung des Schulzeugnisses sein.<\/p>\n<p>Kulturp\u00e4dagogische Projekte, wie z.B. die Erstellung eines Kochbuchs, Training eines Vorstellungsgespr\u00e4ches oder das gemeinsame Planen eines Theaterst\u00fccks, schaffen in lockerer Atmosph\u00e4re einen anderen Zugang zu den Jugendlichen, als es das Schul- oder Familienumfeld leisten kann.<\/p>\n<p>Anhand von Beobachtungen und vielen\u00a0Gespr\u00e4chen entsteht ein Zertifikat, welches die St\u00e4rken der Jugendlichen nachvollziehbar zum Ausdruck bringt.<br \/>\nDer gesamte Prozess lebt von Eigenreflexion und Sensibilisierung f\u00fcr das eigene Tun. Gerade bei Bewerbungen kann der KNK die einzelne Pers\u00f6nlichkeit differenzierter\u00a0sichtbar machen.<\/p>\n<p><img loading=\"lazy\" decoding=\"async\" class=\"alignnone size-full wp-image-225\" src=\"https:\/\/lebens.fit\/wp-content\/uploads\/2016\/07\/logo.gif\" alt=\"logo\" width=\"208\" height=\"100\" \/><\/p>\n","protected":false},"excerpt":{"rendered":"<p>\u2013 gef\u00f6rdert vom Bundesministerium f\u00fcr Familie, Senioren, Frauen und Jugend \u2013 Unsere Kinder und Jugendlichen leben heute in einer Gesellschaft, die hohe Anforderungen an sie stellt. Sie m\u00fcssen in der Lage sein, in der Familie, in der Freizeit und\u00a0in der Schule allt\u00e4gliche Situationen zu meistern und &hellip; <\/p>\n<p><a href=\"https:\/\/lebens.fit\/index.php\/kompetenznachweis-knk\/\" class=\"more-link\"><span class=\"morelink-icon\">Weiterlesen<\/span><\/a><\/p>\n","protected":false},"author":1,"featured_media":0,"parent":0,"menu_order":0,"comment_status":"closed","ping_status":"closed","template":"page-templates\/full-width.php","meta":{"footnotes":""},"_links":{"self":[{"href":"https:\/\/lebens.fit\/index.php\/wp-json\/wp\/v2\/pages\/5"}],"collection":[{"href":"https:\/\/lebens.fit\/index.php\/wp-json\/wp\/v2\/pages"}],"about":[{"href":"https:\/\/lebens.fit\/index.php\/wp-json\/wp\/v2\/types\/page"}],"author":[{"embeddable":true,"href":"https:\/\/lebens.fit\/index.php\/wp-json\/wp\/v2\/users\/1"}],"replies":[{"embeddable":true,"href":"https:\/\/lebens.fit\/index.php\/wp-json\/wp\/v2\/comments?post=5"}],"version-history":[{"count":18,"href":"https:\/\/lebens.fit\/index.php\/wp-json\/wp\/v2\/pages\/5\/revisions"}],"predecessor-version":[{"id":67,"href":"https:\/\/lebens.fit\/index.php\/wp-json\/wp\/v2\/pages\/5\/revisions\/67"}],"wp:attachment":[{"href":"https:\/\/lebens.fit\/index.php\/wp-json\/wp\/v2\/media?parent=5"}],"curies":[{"name":"wp","href":"https:\/\/api.w.org\/{rel}","templated":true}]}}