{"id":16,"date":"2016-07-18T10:05:17","date_gmt":"2016-07-18T08:05:17","guid":{"rendered":"http:\/\/lebens.fit\/?page_id=16"},"modified":"2017-10-06T19:24:37","modified_gmt":"2017-10-06T17:24:37","slug":"kontakt","status":"publish","type":"page","link":"https:\/\/lebens.fit\/index.php\/kontakt\/","title":{"rendered":"Kontakt"},"content":{"rendered":"<p><div class=\"two-columns-one\">\n\n<div class=\"wpcf7 no-js\" id=\"wpcf7-f89-o1\" lang=\"de-DE\" dir=\"ltr\">\n<div class=\"screen-reader-response\"><p role=\"status\" aria-live=\"polite\" aria-atomic=\"true\"><\/p> <ul><\/ul><\/div>\n<form action=\"\/index.php\/wp-json\/wp\/v2\/pages\/16#wpcf7-f89-o1\" method=\"post\" class=\"wpcf7-form init wpcf7-acceptance-as-validation\" aria-label=\"Kontaktformular\" novalidate=\"novalidate\" data-status=\"init\">\n<div style=\"display: none;\">\n<input type=\"hidden\" name=\"_wpcf7\" value=\"89\" \/>\n<input type=\"hidden\" name=\"_wpcf7_version\" value=\"5.8.7\" \/>\n<input type=\"hidden\" name=\"_wpcf7_locale\" value=\"de_DE\" \/>\n<input type=\"hidden\" name=\"_wpcf7_unit_tag\" value=\"wpcf7-f89-o1\" \/>\n<input type=\"hidden\" name=\"_wpcf7_container_post\" value=\"0\" \/>\n<input type=\"hidden\" name=\"_wpcf7_posted_data_hash\" value=\"\" \/>\n<\/div>\n<p>Name\n<\/p>\n<p><span class=\"wpcf7-form-control-wrap\" data-name=\"your-name\"><input size=\"40\" class=\"wpcf7-form-control wpcf7-text\" aria-invalid=\"false\" value=\"\" type=\"text\" name=\"your-name\" \/><\/span>\n<\/p>\n<p>E-Mail *\n<\/p>\n<p><span class=\"wpcf7-form-control-wrap\" data-name=\"your-email\"><input size=\"40\" class=\"wpcf7-form-control wpcf7-email wpcf7-validates-as-required wpcf7-text wpcf7-validates-as-email\" aria-required=\"true\" aria-invalid=\"false\" value=\"\" type=\"email\" name=\"your-email\" \/><\/span>\n<\/p>\n<p>Betreff\n<\/p>\n<p><span class=\"wpcf7-form-control-wrap\" data-name=\"your-subject\"><input size=\"40\" class=\"wpcf7-form-control wpcf7-text\" aria-invalid=\"false\" value=\"\" type=\"text\" name=\"your-subject\" \/><\/span>\n<\/p>\n<p><span id=\"wpcf7-69e35e64e1068-wrapper\" class=\"wpcf7-form-control-wrap webseite-wrap\" ><input type=\"hidden\" name=\"webseite-time-start\" value=\"1776508516\"><input type=\"hidden\" name=\"webseite-time-check\" value=\"4\"><label for=\"wpcf7-69e35e64e1068-field\" class=\"hp-message\">Bitte lasse dieses Feld leer.<\/label><input id=\"wpcf7-69e35e64e1068-field\"  class=\"wpcf7-form-control wpcf7-text\" type=\"text\" name=\"webseite\" value=\"\" size=\"40\" tabindex=\"-1\" autocomplete=\"off\" \/><\/span>\n<\/p>\n<p>Nachricht\n<\/p>\n<p><span class=\"wpcf7-form-control-wrap\" data-name=\"your-message\"><textarea cols=\"40\" rows=\"10\" class=\"wpcf7-form-control wpcf7-textarea\" aria-invalid=\"false\" name=\"your-message\"><\/textarea><\/span>\n<\/p>\n<p><span class=\"wpcf7-form-control-wrap wpgdprc\"><span class=\"wpcf7-form-control wpcf7-wpgdprc wpcf7-validates-as-required\"><span class=\"wpcf7-list-item\"><input type=\"checkbox\" name=\"wpgdprc\" value=\"1\" aria-required=\"true\" aria-invalid=\"false\" \/><span class=\"wpcf7-list-item-label\">Ich stimme zu, dass meine Angaben aus dem Kontaktformular zur Beantwortung meiner Anfrage erhoben und verarbeitet werden. Die Daten werden nach abgeschlossener Bearbeitung Ihrer Anfrage gel\u00f6scht. Hinweis: Sie k\u00f6nnen Ihre Einwilligung jederzeit f\u00fcr die Zukunft per E-Mail an kontakt@lebens.fit widerrufen. Detaillierte Informationen zum Umgang mit Nutzerdaten finden Sie in unserer Datenschutzerkl\u00e4rung.<\/span><\/span><\/span>    <\/span>\n<\/p>\n<p><input class=\"wpcf7-form-control wpcf7-submit has-spinner\" type=\"submit\" value=\"Senden\" \/>\n<\/p>\n<p>* Pflichtfeld\n<\/p><div class=\"wpcf7-response-output\" aria-hidden=\"true\"><\/div>\n<\/form>\n<\/div>\n<br \/>\n<\/div><br \/>\n<div class=\"two-columns-one last\"><\/div><\/p>\n<p><span class=\"blueheader\">lebens.fit<\/span><\/p>\n<p>Claudia M\u00fcller | Diplom-P\u00e4dagogin<br \/>\nHusener Str. 27<br \/>\n44319 Dortmund<\/p>\n<p>Mobil: +49 (0) 160\u200594\u200563\u200545\u200503<\/p>\n<p><span class=\"blueheader\">ALLGEMEINE ANFRAGEN<\/span><br \/>\n<a href=\"mailto:kontakt@lebens.fit\">kontakt@lebens.fit<\/a><\/p>\n","protected":false},"excerpt":{"rendered":"<p>lebens.fit Claudia M\u00fcller | Diplom-P\u00e4dagogin Husener Str. 27 44319 Dortmund Mobil: +49 (0) 160\u200594\u200563\u200545\u200503 ALLGEMEINE ANFRAGEN kontakt@lebens.fit<\/p>\n","protected":false},"author":1,"featured_media":0,"parent":0,"menu_order":0,"comment_status":"closed","ping_status":"closed","template":"page-templates\/full-width.php","meta":{"footnotes":""},"_links":{"self":[{"href":"https:\/\/lebens.fit\/index.php\/wp-json\/wp\/v2\/pages\/16"}],"collection":[{"href":"https:\/\/lebens.fit\/index.php\/wp-json\/wp\/v2\/pages"}],"about":[{"href":"https:\/\/lebens.fit\/index.php\/wp-json\/wp\/v2\/types\/page"}],"author":[{"embeddable":true,"href":"https:\/\/lebens.fit\/index.php\/wp-json\/wp\/v2\/users\/1"}],"replies":[{"embeddable":true,"href":"https:\/\/lebens.fit\/index.php\/wp-json\/wp\/v2\/comments?post=16"}],"version-history":[{"count":18,"href":"https:\/\/lebens.fit\/index.php\/wp-json\/wp\/v2\/pages\/16\/revisions"}],"predecessor-version":[{"id":312,"href":"https:\/\/lebens.fit\/index.php\/wp-json\/wp\/v2\/pages\/16\/revisions\/312"}],"wp:attachment":[{"href":"https:\/\/lebens.fit\/index.php\/wp-json\/wp\/v2\/media?parent=16"}],"curies":[{"name":"wp","href":"https:\/\/api.w.org\/{rel}","templated":true}]}}