{"id":14,"date":"2016-07-18T10:05:04","date_gmt":"2016-07-18T08:05:04","guid":{"rendered":"http:\/\/lebens.fit\/?page_id=14"},"modified":"2020-05-24T16:55:33","modified_gmt":"2020-05-24T14:55:33","slug":"ueber-uns","status":"publish","type":"page","link":"https:\/\/lebens.fit\/index.php\/ueber-uns\/","title":{"rendered":"\u00dcber Uns"},"content":{"rendered":"<div class=\"two-columns-one\">\n<p><strong>Diplom-P\u00e4dagogin\u00a0Claudia M\u00fcller<\/strong><\/p>\n<p>Ich wurde 1967 in Dortmund geboren, bin verheiratet und habe einen Sohn.<\/p>\n<p>Durch mein Interesse f\u00fcr andere Menschen und meine fr\u00fchen Erfahrungen in der Jugendarbeit entwickelte sich fr\u00fch der Wunsch, einen p\u00e4dagogischen Beruf zu ergreifen.<\/p>\n<p>Empathie und soziale Verantwortung hatten schon immer einen hohen Stellenwert f\u00fcr mich im Umgang mit anderen.<\/p>\n<p>Nach meinem Abschluss der Diplom-P\u00e4dagogik an der Universit\u00e4t Dortmund war ich \u00fcber 10 Jahre als Integrationskraft in unterschiedlichen Kinderg\u00e4rten und Kindertagesst\u00e4tten t\u00e4tig. Dort arbeitete ich mit Kindern aus anderen Kulturen und sozial benachteiligten Familien.<\/p>\n<p>Seit 2013 begleite ich mit gro\u00dfem Einsatz viele verschiedene Projekte zu den unterschiedlichsten Themenbereichen.<\/p>\n<p>Was mir wichtig ist?<\/p>\n<p>Dieser besondere Blick auf Heranwachsende, dieses bewusste &#8220;Lassen&#8221;, um Talente und F\u00e4higkeiten zu entdecken sowie zu entwickeln. Kulturp\u00e4dagogische Projekte treffen f\u00fcr meine Arbeit als P\u00e4dagogin genau diesen Puls. Mir ist es wichtig, die Chancen zu betrachten, die f\u00fcr meine jungen Teilnehmer gemacht sind.<\/p>\n<p>Willkommen!<\/p>\n<\/div>\n<div class=\"two-columns-one last\"><\/div>\n<p>&nbsp;<\/p>\n<p><img loading=\"lazy\" decoding=\"async\" class=\"alignnone wp-image-250 size-full\" style=\"max-width: 80%; height: auto; float: right;\" src=\"https:\/\/lebens.fit\/wp-content\/uploads\/2017\/06\/lebens.fit_profilbild_claudia.png\" width=\"319\" height=\"480\" srcset=\"https:\/\/lebens.fit\/wp-content\/uploads\/2017\/06\/lebens.fit_profilbild_claudia.png 319w, https:\/\/lebens.fit\/wp-content\/uploads\/2017\/06\/lebens.fit_profilbild_claudia-199x300.png 199w\" sizes=\"(max-width: 319px) 100vw, 319px\" \/><\/p>\n<div class=\"divider\"><\/div>\n<div class=\"two-columns-one\"><\/div>\n<p>&nbsp;<\/p>\n<h1><div class=\"divider\"><\/div><\/h1>\n<h1><\/h1>\n","protected":false},"excerpt":{"rendered":"<p>&nbsp; &nbsp;<\/p>\n","protected":false},"author":1,"featured_media":0,"parent":0,"menu_order":0,"comment_status":"closed","ping_status":"closed","template":"page-templates\/full-width.php","meta":{"footnotes":""},"_links":{"self":[{"href":"https:\/\/lebens.fit\/index.php\/wp-json\/wp\/v2\/pages\/14"}],"collection":[{"href":"https:\/\/lebens.fit\/index.php\/wp-json\/wp\/v2\/pages"}],"about":[{"href":"https:\/\/lebens.fit\/index.php\/wp-json\/wp\/v2\/types\/page"}],"author":[{"embeddable":true,"href":"https:\/\/lebens.fit\/index.php\/wp-json\/wp\/v2\/users\/1"}],"replies":[{"embeddable":true,"href":"https:\/\/lebens.fit\/index.php\/wp-json\/wp\/v2\/comments?post=14"}],"version-history":[{"count":64,"href":"https:\/\/lebens.fit\/index.php\/wp-json\/wp\/v2\/pages\/14\/revisions"}],"predecessor-version":[{"id":449,"href":"https:\/\/lebens.fit\/index.php\/wp-json\/wp\/v2\/pages\/14\/revisions\/449"}],"wp:attachment":[{"href":"https:\/\/lebens.fit\/index.php\/wp-json\/wp\/v2\/media?parent=14"}],"curies":[{"name":"wp","href":"https:\/\/api.w.org\/{rel}","templated":true}]}}