{"id":12,"date":"2016-07-18T10:04:44","date_gmt":"2016-07-18T08:04:44","guid":{"rendered":"http:\/\/lebens.fit\/?page_id=12"},"modified":"2020-05-25T22:07:52","modified_gmt":"2020-05-25T20:07:52","slug":"schule-beruf","status":"publish","type":"page","link":"https:\/\/lebens.fit\/index.php\/schule-beruf\/","title":{"rendered":"Schule \/ Beruf"},"content":{"rendered":"<p>Unsicherheit sich zu pr\u00e4sentieren, miteinander ins Gespr\u00e4ch zu kommen, mangelnde Souver\u00e4nit\u00e4t im Umgang mit neuen Situationen und fehlende Kritikf\u00e4higkeit, wecken bei vielen jungen Menschen den Wunsch, sich optimal f\u00fcr Schule, Beruf und Karriere vorzubereiten.<\/p>\n<table>\n<tbody>\n<tr>\n<td><b>Ziel<\/b><\/td>\n<td>Entdecken von pers\u00f6nlichen Potentialen und St\u00e4rken bei jungen Erwachsenen und Weiterentwicklung f\u00fcr die berufliche Laufbahn.<\/td>\n<\/tr>\n<tr>\n<td><b>Zielgruppe\u00a0<\/b><\/td>\n<td>Jugendliche, Auszubildende, Studierende, junge Erwachsene<\/td>\n<\/tr>\n<tr>\n<td><b>Angebot<\/b><\/td>\n<td>Mit ausgew\u00e4hlten Methoden finden wir gemeinsam heraus, welche Kompetenzen die jungen Menschen mitbringen. Aufgrund von langj\u00e4hriger Erfahrung und Fachkompetenz erarbeiten wir passende Strategien, um schlummernde Talente zu f\u00f6rdern. Flow als Chance komplexe Aktivit\u00e4ten und deren Schwierigkeitsgrad dem eigenen Tempo anzupassen. Anspr\u00fcche k\u00f6nnen wachsen ohne langweilig zu werden oder zu \u00fcberfordern.<\/td>\n<\/tr>\n<tr>\n<td><b>Projektformen<\/b><\/td>\n<td>Pr\u00e4sentationstraining \/ Theater-Workshops \/ Kunst-Seminare \/ Coaching mit Elementen aus der Flow-Theorie<\/td>\n<\/tr>\n<\/tbody>\n<\/table>\n<p>Gerne erstellen wir Ihnen ein individuelles Angebot.<\/p>\n<div class='gallery'><dl class='gallery-item'>\n\t\t\t<dt class='gallery-icon landscape'>\n\t\t\t\t<img loading=\"lazy\" decoding=\"async\" width=\"500\" height=\"500\" src=\"https:\/\/lebens.fit\/wp-content\/uploads\/2020\/05\/20171001_142036-e1590436263994.jpg\" class=\"attachment-full size-full\" alt=\"\" \/>\n\t\t\t<\/dt><\/dl><dl class='gallery-item'>\n\t\t\t<dt class='gallery-icon landscape'>\n\t\t\t\t<img loading=\"lazy\" decoding=\"async\" width=\"500\" height=\"500\" src=\"https:\/\/lebens.fit\/wp-content\/uploads\/2020\/05\/20171120_185101-e1590436534664.jpg\" class=\"attachment-full size-full\" alt=\"\" \/>\n\t\t\t<\/dt><\/dl><dl class='gallery-item'>\n\t\t\t<dt class='gallery-icon landscape'>\n\t\t\t\t<img loading=\"lazy\" decoding=\"async\" width=\"500\" height=\"500\" src=\"https:\/\/lebens.fit\/wp-content\/uploads\/2020\/05\/20180422_122649-e1590436475890.jpg\" class=\"attachment-full size-full\" alt=\"\" \/>\n\t\t\t<\/dt><\/dl><br style=\"clear: both\" \/>\n\t\t<\/div>\n\n","protected":false},"excerpt":{"rendered":"<p>Unsicherheit sich zu pr\u00e4sentieren, miteinander ins Gespr\u00e4ch zu kommen, mangelnde Souver\u00e4nit\u00e4t im Umgang mit neuen Situationen und fehlende Kritikf\u00e4higkeit, wecken bei vielen jungen Menschen den Wunsch, sich optimal f\u00fcr Schule, Beruf und Karriere vorzubereiten. Ziel Entdecken von pers\u00f6nlichen Potentialen und St\u00e4rken bei jungen Erwachsenen und Weiterentwicklung &hellip; <\/p>\n<p><a href=\"https:\/\/lebens.fit\/index.php\/schule-beruf\/\" class=\"more-link\"><span class=\"morelink-icon\">Weiterlesen<\/span><\/a><\/p>\n","protected":false},"author":1,"featured_media":0,"parent":0,"menu_order":0,"comment_status":"closed","ping_status":"closed","template":"page-templates\/full-width.php","meta":{"footnotes":""},"_links":{"self":[{"href":"https:\/\/lebens.fit\/index.php\/wp-json\/wp\/v2\/pages\/12"}],"collection":[{"href":"https:\/\/lebens.fit\/index.php\/wp-json\/wp\/v2\/pages"}],"about":[{"href":"https:\/\/lebens.fit\/index.php\/wp-json\/wp\/v2\/types\/page"}],"author":[{"embeddable":true,"href":"https:\/\/lebens.fit\/index.php\/wp-json\/wp\/v2\/users\/1"}],"replies":[{"embeddable":true,"href":"https:\/\/lebens.fit\/index.php\/wp-json\/wp\/v2\/comments?post=12"}],"version-history":[{"count":23,"href":"https:\/\/lebens.fit\/index.php\/wp-json\/wp\/v2\/pages\/12\/revisions"}],"predecessor-version":[{"id":480,"href":"https:\/\/lebens.fit\/index.php\/wp-json\/wp\/v2\/pages\/12\/revisions\/480"}],"wp:attachment":[{"href":"https:\/\/lebens.fit\/index.php\/wp-json\/wp\/v2\/media?parent=12"}],"curies":[{"name":"wp","href":"https:\/\/api.w.org\/{rel}","templated":true}]}}