{"id":10,"date":"2016-07-18T10:04:27","date_gmt":"2016-07-18T08:04:27","guid":{"rendered":"http:\/\/lebens.fit\/?page_id=10"},"modified":"2020-05-25T22:03:47","modified_gmt":"2020-05-25T20:03:47","slug":"integration","status":"publish","type":"page","link":"https:\/\/lebens.fit\/index.php\/integration\/","title":{"rendered":"Integration"},"content":{"rendered":"<p>Eine der gro\u00dfen Herausforderungen f\u00fcr Deutschland ist heute die Zuwanderung von Menschen aus anderen Kulturkreisen. Gemeinsamkeiten werden oft nicht erkannt und Unterschiede erschweren Akzeptanz und Respekt.<\/p>\n<table>\n<tbody>\n<tr>\n<td><b>Ziel<\/b><\/td>\n<td>Unterst\u00fctzung der Integration durch\u00a0interkulturelle Konzepte; Herausstellen von Gemeinsamkeiten und Unterschieden verschiedener Kulturen, um eine erfolgreiche Integration \u00a0zu f\u00f6rdern.<\/td>\n<\/tr>\n<tr>\n<td><b>Zielgruppe<\/b><\/td>\n<td>Kinder, Jugendliche und Erwachsene, die sich im Umgang mit anderen Kulturen weiterentwickeln<br \/>\nwollen; unbegleitete minderj\u00e4hrige Fl\u00fcchtlinge, allgemein Menschen mit Migrationshintergrund, die zuk\u00fcnftig bei uns leben werden, finden hier Unterst\u00fctzung.<\/td>\n<\/tr>\n<tr>\n<td><b>Angebot<\/b><\/td>\n<td>Um sich gegenseitig zu respektieren und Verst\u00e4ndnis f\u00fcr einander aufzubringen, braucht es N\u00e4he und Miteinander. \u00dcber den gemeinsamen Austausch erfahren die Teilnehmer Verst\u00e4ndnis, Orientierung und Motivation, neuen Herausforderungen mutig zu begegnen. Gleichzeitig haben sie die M\u00f6glichkeit in einem gesch\u00fctzten Raum von sich zu berichten. Gerade das hochwertige und abwechslungsreiche Kulturkonzept hat sich hier als kommunikative und sehr erfolgreiche integrative Arbeit bew\u00e4hrt.<\/td>\n<\/tr>\n<tr>\n<td><b>Projektformen<\/b><\/td>\n<td>Workshops \/ Kochevents und Produktion eines Kochbuchs\/ Kunst-Seminare \u00a0\/ Coachings<\/td>\n<\/tr>\n<\/tbody>\n<\/table>\n<p>Gerne erstellen wir Ihnen ein individuelles Angebot.<\/p>\n<div class='gallery'><dl class='gallery-item'>\n\t\t\t<dt class='gallery-icon landscape'>\n\t\t\t\t<img loading=\"lazy\" decoding=\"async\" width=\"500\" height=\"500\" src=\"https:\/\/lebens.fit\/wp-content\/uploads\/2020\/05\/20180618_184007-e1590436669636.jpg\" class=\"attachment-full size-full\" alt=\"\" \/>\n\t\t\t<\/dt><\/dl><dl class='gallery-item'>\n\t\t\t<dt class='gallery-icon landscape'>\n\t\t\t\t<img loading=\"lazy\" decoding=\"async\" width=\"500\" height=\"500\" src=\"https:\/\/lebens.fit\/wp-content\/uploads\/2020\/05\/20191014_153024-e1590436773305.jpg\" class=\"attachment-full size-full\" alt=\"\" \/>\n\t\t\t<\/dt><\/dl><dl class='gallery-item'>\n\t\t\t<dt class='gallery-icon landscape'>\n\t\t\t\t<img loading=\"lazy\" decoding=\"async\" width=\"500\" height=\"500\" src=\"https:\/\/lebens.fit\/wp-content\/uploads\/2020\/05\/20180216_113235-e1590436729501.jpg\" class=\"attachment-full size-full\" alt=\"\" \/>\n\t\t\t<\/dt><\/dl><br style=\"clear: both\" \/>\n\t\t<\/div>\n\n","protected":false},"excerpt":{"rendered":"<p>Eine der gro\u00dfen Herausforderungen f\u00fcr Deutschland ist heute die Zuwanderung von Menschen aus anderen Kulturkreisen. Gemeinsamkeiten werden oft nicht erkannt und Unterschiede erschweren Akzeptanz und Respekt. Ziel Unterst\u00fctzung der Integration durch\u00a0interkulturelle Konzepte; Herausstellen von Gemeinsamkeiten und Unterschieden verschiedener Kulturen, um eine erfolgreiche Integration \u00a0zu f\u00f6rdern. Zielgruppe &hellip; <\/p>\n<p><a href=\"https:\/\/lebens.fit\/index.php\/integration\/\" class=\"more-link\"><span class=\"morelink-icon\">Weiterlesen<\/span><\/a><\/p>\n","protected":false},"author":1,"featured_media":0,"parent":0,"menu_order":0,"comment_status":"closed","ping_status":"closed","template":"page-templates\/full-width.php","meta":{"footnotes":""},"_links":{"self":[{"href":"https:\/\/lebens.fit\/index.php\/wp-json\/wp\/v2\/pages\/10"}],"collection":[{"href":"https:\/\/lebens.fit\/index.php\/wp-json\/wp\/v2\/pages"}],"about":[{"href":"https:\/\/lebens.fit\/index.php\/wp-json\/wp\/v2\/types\/page"}],"author":[{"embeddable":true,"href":"https:\/\/lebens.fit\/index.php\/wp-json\/wp\/v2\/users\/1"}],"replies":[{"embeddable":true,"href":"https:\/\/lebens.fit\/index.php\/wp-json\/wp\/v2\/comments?post=10"}],"version-history":[{"count":25,"href":"https:\/\/lebens.fit\/index.php\/wp-json\/wp\/v2\/pages\/10\/revisions"}],"predecessor-version":[{"id":479,"href":"https:\/\/lebens.fit\/index.php\/wp-json\/wp\/v2\/pages\/10\/revisions\/479"}],"wp:attachment":[{"href":"https:\/\/lebens.fit\/index.php\/wp-json\/wp\/v2\/media?parent=10"}],"curies":[{"name":"wp","href":"https:\/\/api.w.org\/{rel}","templated":true}]}}